{"id":27195,"date":"2023-03-06T13:11:06","date_gmt":"2023-03-06T13:11:06","guid":{"rendered":"https:\/\/besophro.anorak.co\/?page_id=27195"},"modified":"2023-04-03T11:45:29","modified_gmt":"2023-04-03T10:45:29","slug":"booster-son-sommeil","status":"publish","type":"page","link":"https:\/\/besophro2.anorak.co\/fr\/booster-son-sommeil\/","title":{"rendered":"Booster Son Sommeil"},"content":{"rendered":"[et_pb_section fb_built=\u00a0\u00bb1&Prime; fullwidth=\u00a0\u00bbon\u00a0\u00bb disabled_on=\u00a0\u00bbon|off|off\u00a0\u00bb _builder_version=\u00a0\u00bb4.18.0&Prime; _module_preset=\u00a0\u00bbdefault\u00a0\u00bb z_index=\u00a0\u00bb1&Prime; max_height=\u00a0\u00bb591px\u00a0\u00bb overflow-y=\u00a0\u00bbhidden\u00a0\u00bb da_disable_devices=\u00a0\u00bboff|off|off\u00a0\u00bb global_colors_info=\u00a0\u00bb{}\u00a0\u00bb da_is_popup=\u00a0\u00bboff\u00a0\u00bb da_exit_intent=\u00a0\u00bboff\u00a0\u00bb da_has_close=\u00a0\u00bbon\u00a0\u00bb da_alt_close=\u00a0\u00bboff\u00a0\u00bb da_dark_close=\u00a0\u00bboff\u00a0\u00bb da_not_modal=\u00a0\u00bbon\u00a0\u00bb da_is_singular=\u00a0\u00bboff\u00a0\u00bb da_with_loader=\u00a0\u00bboff\u00a0\u00bb da_has_shadow=\u00a0\u00bbon\u00a0\u00bb][et_pb_fullwidth_header title=\u00a0\u00bb10 minutes pour booster son sommeil\u00a0\u00bb header_fullscreen=\u00a0\u00bbon\u00a0\u00bb header_image_url=\u00a0\u00bb\/\/i0.wp.com\/be-sophro.com\/wp-content\/uploads\/2020\/04\/DA-sofa-webinar-1.png\u00a0\u00bb image_orientation=\u00a0\u00bbbottom\u00a0\u00bb _builder_version=\u00a0\u00bb4.18.0&Prime; _module_preset=\u00a0\u00bbdefault\u00a0\u00bb title_font=\u00a0\u00bb|600|||||||\u00a0\u00bb title_text_color=\u00a0\u00bb#ec8779&Prime; title_font_size=\u00a0\u00bb2.2rem\u00a0\u00bb title_line_height=\u00a0\u00bb1.3em\u00a0\u00bb content_font_size=\u00a0\u00bb1.05rem\u00a0\u00bb subhead_font_size=\u00a0\u00bb2.5rem\u00a0\u00bb subhead_line_height=\u00a0\u00bb1.1em\u00a0\u00bb content_ul_font_size=\u00a0\u00bb39px\u00a0\u00bb background_color=\u00a0\u00bb#ece3de\u00a0\u00bb background_enable_image=\u00a0\u00bboff\u00a0\u00bb background_layout=\u00a0\u00bblight\u00a0\u00bb custom_margin=\u00a0\u00bb||||false|false\u00a0\u00bb custom_padding=\u00a0\u00bb26px||||false|false\u00a0\u00bb custom_padding_tablet=\u00a0\u00bb26px||||false|false\u00a0\u00bb custom_padding_phone=\u00a0\u00bb172px||||false|false\u00a0\u00bb custom_padding_last_edited=\u00a0\u00bbon|phone\u00a0\u00bb title_font_size_tablet=\u00a0\u00bb2.7rem\u00a0\u00bb title_font_size_phone=\u00a0\u00bb1.9rem\u00a0\u00bb title_font_size_last_edited=\u00a0\u00bbon|phone\u00a0\u00bb subhead_font_size_tablet=\u00a0\u00bb2.5rem\u00a0\u00bb subhead_font_size_phone=\u00a0\u00bb1.9rem\u00a0\u00bb subhead_font_size_last_edited=\u00a0\u00bbon|phone\u00a0\u00bb module_alignment_last_edited=\u00a0\u00bboff|phone\u00a0\u00bb custom_css_header_image=\u00a0\u00bbmin-width: 650px;||background-position: 0 0;||background-size: cover;||flex-basis: 60%;||height: auto;||padding: 0;\u00a0\u00bb custom_css_title=\u00a0\u00bbpadding-left: 30%;||width: 600px;||\u00a0\u00bb custom_css_content=\u00a0\u00bbpadding-left: 30%;||padding-bottom: 90px;||width: 600px;||line-height: 30px;\u00a0\u00bb custom_css_subtitle=\u00a0\u00bbpadding-left: 30%;||\u00a0\u00bb global_colors_info=\u00a0\u00bb{}\u00a0\u00bb custom_css_title_last_edited=\u00a0\u00bbon|phone\u00a0\u00bb custom_css_title_phone=\u00a0\u00bbpadding: 0px;\u00a0\u00bb custom_css_content_last_edited=\u00a0\u00bbon|phone\u00a0\u00bb custom_css_content_phone=\u00a0\u00bbpadding: 0px;\u00a0\u00bb custom_css_subtitle_last_edited=\u00a0\u00bbon|phone\u00a0\u00bb custom_css_subtitle_phone=\u00a0\u00bbpadding: 0px;\u00a0\u00bb custom_css_title_tablet=\u00a0\u00bbpadding-left: 30%;||width: 600px;||\u00a0\u00bb custom_css_content_tablet=\u00a0\u00bbpadding-left: 30%;||padding-bottom: 90px;||width: 600px;||line-height: 30px;\u00a0\u00bb custom_css_subtitle_tablet=\u00a0\u00bbpadding-left: 30%;||\u00a0\u00bb]\n<p>Audio-Guide enregistr\u00e9 par Dominique Antiglio<\/p>\n<p><span style=\"color: #ec8779;\">Prix:<\/span><span> Gratuit<\/span><br \/><span style=\"color: #ec8779;\">Dur\u00e9e:<\/span><span> 10<\/span>\u00a0mins<\/p>\n<p>&nbsp;<\/p>\n<p>&nbsp;<\/p>\n<p>&nbsp;<\/p>\n<p>&nbsp;<\/p>\n<p>&nbsp;<\/p>\n<p>&nbsp;<\/p>\n[\/et_pb_fullwidth_header][\/et_pb_section][et_pb_section fb_built=\u00a0\u00bb1&Prime; fullwidth=\u00a0\u00bbon\u00a0\u00bb disabled_on=\u00a0\u00bboff|on|on\u00a0\u00bb _builder_version=\u00a0\u00bb4.18.0&Prime; _module_preset=\u00a0\u00bbdefault\u00a0\u00bb z_index=\u00a0\u00bb1&Prime; max_height=\u00a0\u00bb591px\u00a0\u00bb overflow-y=\u00a0\u00bbhidden\u00a0\u00bb custom_margin=\u00a0\u00bb||-50px||false|false\u00a0\u00bb custom_padding=\u00a0\u00bb||0px||false|false\u00a0\u00bb da_disable_devices=\u00a0\u00bboff|off|off\u00a0\u00bb global_colors_info=\u00a0\u00bb{}\u00a0\u00bb da_is_popup=\u00a0\u00bboff\u00a0\u00bb da_exit_intent=\u00a0\u00bboff\u00a0\u00bb da_has_close=\u00a0\u00bbon\u00a0\u00bb da_alt_close=\u00a0\u00bboff\u00a0\u00bb da_dark_close=\u00a0\u00bboff\u00a0\u00bb da_not_modal=\u00a0\u00bbon\u00a0\u00bb da_is_singular=\u00a0\u00bboff\u00a0\u00bb da_with_loader=\u00a0\u00bboff\u00a0\u00bb da_has_shadow=\u00a0\u00bbon\u00a0\u00bb][et_pb_fullwidth_header title=\u00a0\u00bb10 minutes pour booster son sommeil\u00a0\u00bb image_orientation=\u00a0\u00bbbottom\u00a0\u00bb _builder_version=\u00a0\u00bb4.18.0&Prime; _module_preset=\u00a0\u00bbdefault\u00a0\u00bb title_font=\u00a0\u00bb|600|||||||\u00a0\u00bb title_text_color=\u00a0\u00bb#ec8779&Prime; title_font_size=\u00a0\u00bb2.2rem\u00a0\u00bb title_line_height=\u00a0\u00bb1.3em\u00a0\u00bb content_font_size=\u00a0\u00bb1.05rem\u00a0\u00bb subhead_font_size=\u00a0\u00bb2.5rem\u00a0\u00bb subhead_line_height=\u00a0\u00bb1.1em\u00a0\u00bb content_ul_font_size=\u00a0\u00bb39px\u00a0\u00bb background_color=\u00a0\u00bb#ece3de\u00a0\u00bb background_enable_image=\u00a0\u00bboff\u00a0\u00bb background_layout=\u00a0\u00bblight\u00a0\u00bb custom_margin=\u00a0\u00bb||0px||false|false\u00a0\u00bb custom_padding=\u00a0\u00bb26px||||false|false\u00a0\u00bb custom_padding_tablet=\u00a0\u00bb26px||||false|false\u00a0\u00bb custom_padding_phone=\u00a0\u00bb||0px||false|false\u00a0\u00bb custom_padding_last_edited=\u00a0\u00bbon|phone\u00a0\u00bb title_font_size_tablet=\u00a0\u00bb2.7rem\u00a0\u00bb title_font_size_phone=\u00a0\u00bb1.9rem\u00a0\u00bb title_font_size_last_edited=\u00a0\u00bbon|phone\u00a0\u00bb subhead_font_size_tablet=\u00a0\u00bb2.5rem\u00a0\u00bb subhead_font_size_phone=\u00a0\u00bb1.9rem\u00a0\u00bb subhead_font_size_last_edited=\u00a0\u00bbon|phone\u00a0\u00bb module_alignment_last_edited=\u00a0\u00bboff|phone\u00a0\u00bb custom_css_subtitle=\u00a0\u00bb||\u00a0\u00bb global_colors_info=\u00a0\u00bb{}\u00a0\u00bb custom_css_title_last_edited=\u00a0\u00bbon|phone\u00a0\u00bb custom_css_title_phone=\u00a0\u00bbpadding: 0px;\u00a0\u00bb custom_css_content_last_edited=\u00a0\u00bbon|phone\u00a0\u00bb custom_css_content_phone=\u00a0\u00bbpadding: 0px;\u00a0\u00bb custom_css_subtitle_last_edited=\u00a0\u00bbon|phone\u00a0\u00bb custom_css_subtitle_phone=\u00a0\u00bbpadding: 0px;\u00a0\u00bb custom_css_title_tablet=\u00a0\u00bbpadding-left: 30%;||width: 600px;||\u00a0\u00bb custom_css_content_tablet=\u00a0\u00bbpadding-left: 30%;||padding-bottom: 90px;||width: 600px;||line-height: 30px;\u00a0\u00bb custom_css_subtitle_tablet=\u00a0\u00bbpadding-left: 30%;||\u00a0\u00bb]\n<p>Audio-Guide enregistr\u00e9 par Dominique Antiglio<\/p>\n<p><span style=\"color: #ec8779;\">Prix:<\/span><span> Gratuit<\/span><br \/><span style=\"color: #ec8779;\">Dur\u00e9e:<\/span><span> 10<\/span>\u00a0mins<\/p>\n<p>&nbsp;<\/p>\n<p>&nbsp;<\/p>\n<p>&nbsp;<\/p>\n<p>&nbsp;<\/p>\n<p>&nbsp;<\/p>\n<p>&nbsp;<\/p>\n[\/et_pb_fullwidth_header][\/et_pb_section][et_pb_section fb_built=\u00a0\u00bb1&Prime; _builder_version=\u00a0\u00bb4.16&Prime; _module_preset=\u00a0\u00bbdefault\u00a0\u00bb z_index=\u00a0\u00bb2&Prime; min_height=\u00a0\u00bb480.7px\u00a0\u00bb custom_margin=\u00a0\u00bb||-3px|||\u00a0\u00bb custom_padding=\u00a0\u00bb1px||0px||false|false\u00a0\u00bb da_disable_devices=\u00a0\u00bboff|off|off\u00a0\u00bb global_colors_info=\u00a0\u00bb{}\u00a0\u00bb da_is_popup=\u00a0\u00bboff\u00a0\u00bb da_exit_intent=\u00a0\u00bboff\u00a0\u00bb da_has_close=\u00a0\u00bbon\u00a0\u00bb da_alt_close=\u00a0\u00bboff\u00a0\u00bb da_dark_close=\u00a0\u00bboff\u00a0\u00bb da_not_modal=\u00a0\u00bbon\u00a0\u00bb da_is_singular=\u00a0\u00bboff\u00a0\u00bb da_with_loader=\u00a0\u00bboff\u00a0\u00bb da_has_shadow=\u00a0\u00bbon\u00a0\u00bb][et_pb_row column_structure=\u00a0\u00bb1_2,1_2&Prime; use_custom_gutter=\u00a0\u00bbon\u00a0\u00bb make_equal=\u00a0\u00bbon\u00a0\u00bb custom_padding_last_edited=\u00a0\u00bbon|phone\u00a0\u00bb _builder_version=\u00a0\u00bb4.18.0&Prime; _module_preset=\u00a0\u00bbdefault\u00a0\u00bb width=\u00a0\u00bb100%\u00a0\u00bb max_width=\u00a0\u00bb1528px\u00a0\u00bb min_height=\u00a0\u00bb456px\u00a0\u00bb custom_padding=\u00a0\u00bb0px||0px|6.3%|false|false\u00a0\u00bb custom_padding_tablet=\u00a0\u00bb0px||0px|0%|false|false\u00a0\u00bb custom_padding_phone=\u00a0\u00bb0px||0px|0%|false|false\u00a0\u00bb global_colors_info=\u00a0\u00bb{}\u00a0\u00bb][et_pb_column type=\u00a0\u00bb1_2&Prime; _builder_version=\u00a0\u00bb4.16&Prime; _module_preset=\u00a0\u00bbdefault\u00a0\u00bb custom_padding=\u00a0\u00bb|40px||40px|false|true\u00a0\u00bb global_colors_info=\u00a0\u00bb{}\u00a0\u00bb][et_pb_text _builder_version=\u00a0\u00bb4.18.0&Prime; _module_preset=\u00a0\u00bbdefault\u00a0\u00bb header_2_font=\u00a0\u00bb|600|||||||\u00a0\u00bb header_2_text_color=\u00a0\u00bbgcid-5640327c-fe3a-4021-80f7-c486bbe6934b\u00a0\u00bb header_2_font_size=\u00a0\u00bb2.4rem\u00a0\u00bb header_2_line_height=\u00a0\u00bb1.3em\u00a0\u00bb width=\u00a0\u00bb86%\u00a0\u00bb custom_padding=\u00a0\u00bb76px||||false|false\u00a0\u00bb custom_padding_tablet=\u00a0\u00bb76px||||false|false\u00a0\u00bb custom_padding_phone=\u00a0\u00bb76px||||false|false\u00a0\u00bb custom_padding_last_edited=\u00a0\u00bbon|desktop\u00a0\u00bb global_colors_info=\u00a0\u00bb{%22gcid-5640327c-fe3a-4021-80f7-c486bbe6934b%22:%91%22header_2_text_color%22%93}\u00a0\u00bb]\n<h2>10 minutes pour booster son sommeil<\/h2>\n[\/et_pb_text][et_pb_text _builder_version=\u00a0\u00bb4.18.0&Prime; _module_preset=\u00a0\u00bbdefault\u00a0\u00bb text_font_size=\u00a0\u00bb1rem\u00a0\u00bb text_line_height=\u00a0\u00bb1.8em\u00a0\u00bb header_2_font_size=\u00a0\u00bb2.5rem\u00a0\u00bb width=\u00a0\u00bb89%\u00a0\u00bb custom_margin=\u00a0\u00bb||||false|false\u00a0\u00bb custom_padding=\u00a0\u00bb10px||70px||false|false\u00a0\u00bb global_colors_info=\u00a0\u00bb{}\u00a0\u00bb]\n<p>J&rsquo;adore cet exercice de Sophrologie et je le mets gratuitement \u00e0 votre disposition.<\/p>\n<p>Rejoignez-moi pour explorer cette pratique unique et comment l\u2019utiliser pour transformer votre vie.<\/p>\n<p>Inscrivez-vous pour la t\u00e9l\u00e9charger et l&rsquo;\u00e9couter d\u00e8s aujourd\u2019hui <span style=\"font-weight: 400;\">et recevez par email notre fiche conseil pour mieux dormir.<\/span><\/p>\n[\/et_pb_text][\/et_pb_column][et_pb_column type=\u00a0\u00bb1_2&Prime; _builder_version=\u00a0\u00bb4.18.0&Prime; _module_preset=\u00a0\u00bbdefault\u00a0\u00bb background_color=\u00a0\u00bbgcid-5640327c-fe3a-4021-80f7-c486bbe6934b\u00a0\u00bb custom_padding_tablet=\u00a0\u00bb\u00a0\u00bb custom_padding_phone=\u00a0\u00bb||||false|false\u00a0\u00bb custom_padding_last_edited=\u00a0\u00bbon|phone\u00a0\u00bb global_colors_info=\u00a0\u00bb{%22gcid-5640327c-fe3a-4021-80f7-c486bbe6934b%22:%91%22background_color%22%93}\u00a0\u00bb][et_pb_code _builder_version=\u00a0\u00bb4.18.0&Prime; _module_preset=\u00a0\u00bbdefault\u00a0\u00bb custom_padding=\u00a0\u00bb50px|70px|50px|70px|true|true\u00a0\u00bb global_colors_info=\u00a0\u00bb{}\u00a0\u00bb]<script type=\"text\/javascript\">var gform;gform||(document.addEventListener(\"gform_main_scripts_loaded\",function(){gform.scriptsLoaded=!0}),window.addEventListener(\"DOMContentLoaded\",function(){gform.domLoaded=!0}),gform={domLoaded:!1,scriptsLoaded:!1,initializeOnLoaded:function(o){gform.domLoaded&&gform.scriptsLoaded?o():!gform.domLoaded&&gform.scriptsLoaded?window.addEventListener(\"DOMContentLoaded\",o):document.addEventListener(\"gform_main_scripts_loaded\",o)},hooks:{action:{},filter:{}},addAction:function(o,n,r,t){gform.addHook(\"action\",o,n,r,t)},addFilter:function(o,n,r,t){gform.addHook(\"filter\",o,n,r,t)},doAction:function(o){gform.doHook(\"action\",o,arguments)},applyFilters:function(o){return gform.doHook(\"filter\",o,arguments)},removeAction:function(o,n){gform.removeHook(\"action\",o,n)},removeFilter:function(o,n,r){gform.removeHook(\"filter\",o,n,r)},addHook:function(o,n,r,t,i){null==gform.hooks[o][n]&&(gform.hooks[o][n]=[]);var e=gform.hooks[o][n];null==i&&(i=n+\"_\"+e.length),gform.hooks[o][n].push({tag:i,callable:r,priority:t=null==t?10:t})},doHook:function(n,o,r){var t;if(r=Array.prototype.slice.call(r,1),null!=gform.hooks[n][o]&&((o=gform.hooks[n][o]).sort(function(o,n){return o.priority-n.priority}),o.forEach(function(o){\"function\"!=typeof(t=o.callable)&&(t=window[t]),\"action\"==n?t.apply(null,r):r[0]=t.apply(null,r)})),\"filter\"==n)return r[0]},removeHook:function(o,n,t,i){var r;null!=gform.hooks[o][n]&&(r=(r=gform.hooks[o][n]).filter(function(o,n,r){return!!(null!=i&&i!=o.tag||null!=t&&t!=o.priority)}),gform.hooks[o][n]=r)}});<\/script>\n                <div class='gf_browser_gecko gform_wrapper gform_legacy_markup_wrapper gform-theme--no-framework' data-form-theme='legacy' data-form-index='0' id='gform_wrapper_54' >\n                        <div class='gform_heading'>\n                            <p class='gform_description'><\/p>\n                        <\/div><form method='post' enctype='multipart\/form-data'  id='gform_54'  action='\/fr\/wp-json\/wp\/v2\/pages\/27195' data-formid='54' novalidate>\n                        <div class='gform-body gform_body'><ul id='gform_fields_54' class='gform_fields top_label form_sublabel_below description_below validation_below'><li id=\"field_54_2\" class=\"gfield gfield--type-name gfield_contains_required field_sublabel_hidden_label gfield--no-description field_description_below field_validation_below gfield_visibility_visible\"  data-js-reload=\"field_54_2\" ><label class='gfield_label gform-field-label gfield_label_before_complex' >Nom et pr\u00e9nom<span class=\"gfield_required\"><span class=\"gfield_required gfield_required_asterisk\">*<\/span><\/span><\/label><div class='ginput_complex ginput_container ginput_container--name no_prefix has_first_name no_middle_name has_last_name no_suffix gf_name_has_2 ginput_container_name gform-grid-row' id='input_54_2'>\n                            \n                            <span id='input_54_2_3_container' class='name_first gform-grid-col gform-grid-col--size-auto' >\n                                                    <input type='text' name='input_2.3' id='input_54_2_3' value=''   aria-required='true'   placeholder='Pr\u00e9nom'  \/>\n                                                    <label for='input_54_2_3' class='gform-field-label gform-field-label--type-sub hidden_sub_label screen-reader-text'>Pr\u00e9nom<\/label>\n                                                <\/span>\n                            \n                            <span id='input_54_2_6_container' class='name_last gform-grid-col gform-grid-col--size-auto' >\n                                                    <input type='text' name='input_2.6' id='input_54_2_6' value=''   aria-required='true'   placeholder='Nom'  \/>\n                                                    <label for='input_54_2_6' class='gform-field-label gform-field-label--type-sub hidden_sub_label screen-reader-text'>Nom<\/label>\n                                                <\/span>\n                            \n                        <\/div><\/li><li id=\"field_54_3\" class=\"gfield gfield--type-email gfield_contains_required field_sublabel_below gfield--no-description field_description_below field_validation_below gfield_visibility_visible\"  data-js-reload=\"field_54_3\" ><label class='gfield_label gform-field-label' for='input_54_3'>Courriel<span class=\"gfield_required\"><span class=\"gfield_required gfield_required_asterisk\">*<\/span><\/span><\/label><div class='ginput_container ginput_container_email'>\n                            <input name='input_3' id='input_54_3' type='email' value='' class='large'   placeholder='Courriel' aria-required=\"true\" aria-invalid=\"false\"  \/>\n                        <\/div><\/li><li id=\"field_54_4\" class=\"gfield gfield--type-checkbox gfield--type-choice field_sublabel_below gfield--no-description field_description_below hidden_label field_validation_below gfield_visibility_visible\"  data-js-reload=\"field_54_4\" ><label class='gfield_label gform-field-label gfield_label_before_complex' >Optins<\/label><div class='ginput_container ginput_container_checkbox'><ul class='gfield_checkbox' id='input_54_4'><li class='gchoice gchoice_54_4_1'>\n\t\t\t\t\t\t\t\t<input class='gfield-choice-input' name='input_4.1' type='checkbox'  value='J\u2019aimerais recevoir des mises \u00e0 jour, des renseignements et des offres BeSophro'  id='choice_54_4_1'   \/>\n\t\t\t\t\t\t\t\t<label for='choice_54_4_1' id='label_54_4_1' class='gform-field-label gform-field-label--type-inline'>J\u2019aimerais recevoir des mises \u00e0 jour, des renseignements et des offres BeSophro<\/label>\n\t\t\t\t\t\t\t<\/li><li class='gchoice gchoice_54_4_2'>\n\t\t\t\t\t\t\t\t<input class='gfield-choice-input' name='input_4.2' type='checkbox'  value='J\u2019ai d\u00e9j\u00e0 un exemplaire du livre The Life-changing Power of Sophrology'  id='choice_54_4_2'   \/>\n\t\t\t\t\t\t\t\t<label for='choice_54_4_2' id='label_54_4_2' class='gform-field-label gform-field-label--type-inline'>J\u2019ai d\u00e9j\u00e0 un exemplaire du livre The Life-changing Power of Sophrology<\/label>\n\t\t\t\t\t\t\t<\/li><\/ul><\/div><\/li><li id=\"field_54_5\" class=\"gfield gfield--type-honeypot gform_validation_container field_sublabel_below gfield--has-description field_description_below field_validation_below gfield_visibility_visible\"  data-js-reload=\"field_54_5\" ><label class='gfield_label gform-field-label' for='input_54_5'>Email<\/label><div class='ginput_container'><input name='input_5' id='input_54_5' type='text' value='' autocomplete='new-password'\/><\/div><div class='gfield_description' id='gfield_description_54_5'>Ce champ n\u2019est utilis\u00e9 qu\u2019\u00e0 des fins de validation et devrait rester inchang\u00e9.<\/div><\/li><\/ul><\/div>\n        <div class='gform_footer top_label'> <input type='submit' id='gform_submit_button_54' class='gform_button button' value='T\u00e9l\u00e9charger'  onclick='if(window[\"gf_submitting_54\"]){return false;}  if( !jQuery(\"#gform_54\")[0].checkValidity || jQuery(\"#gform_54\")[0].checkValidity()){window[\"gf_submitting_54\"]=true;}  ' onkeypress='if( event.keyCode == 13 ){ if(window[\"gf_submitting_54\"]){return false;} if( !jQuery(\"#gform_54\")[0].checkValidity || jQuery(\"#gform_54\")[0].checkValidity()){window[\"gf_submitting_54\"]=true;}  jQuery(\"#gform_54\").trigger(\"submit\",[true]); }' \/> \n            <input type='hidden' class='gform_hidden' name='is_submit_54' value='1' \/>\n            <input type='hidden' class='gform_hidden' name='gform_submit' value='54' \/>\n            \n            <input type='hidden' class='gform_hidden' name='gform_unique_id' value='' \/>\n            <input type='hidden' class='gform_hidden' name='state_54' value='WyJbXSIsIjQyOTkxNTE2M2E3YzUwOTUyYjA5YWQ2NjMyZWUzNDY0Il0=' \/>\n            <input type='hidden' class='gform_hidden' name='gform_target_page_number_54' id='gform_target_page_number_54' value='0' \/>\n            <input type='hidden' class='gform_hidden' name='gform_source_page_number_54' id='gform_source_page_number_54' value='1' \/>\n            <input type='hidden' name='gform_field_values' value='' \/>\n            \n        <\/div>\n                        <\/form>\n                        <\/div><script type=\"text\/javascript\">\n\/* <![CDATA[ *\/\n gform.initializeOnLoaded( function() {gformInitSpinner( 54, 'https:\/\/besophro2.anorak.co\/wp-content\/plugins\/gravityforms\/images\/spinner.svg', true );jQuery('#gform_ajax_frame_54').on('load',function(){var contents = jQuery(this).contents().find('*').html();var is_postback = contents.indexOf('GF_AJAX_POSTBACK') >= 0;if(!is_postback){return;}var form_content = jQuery(this).contents().find('#gform_wrapper_54');var is_confirmation = jQuery(this).contents().find('#gform_confirmation_wrapper_54').length > 0;var is_redirect = contents.indexOf('gformRedirect(){') >= 0;var is_form = form_content.length > 0 && ! is_redirect && ! is_confirmation;var mt = parseInt(jQuery('html').css('margin-top'), 10) + parseInt(jQuery('body').css('margin-top'), 10) + 100;if(is_form){jQuery('#gform_wrapper_54').html(form_content.html());if(form_content.hasClass('gform_validation_error')){jQuery('#gform_wrapper_54').addClass('gform_validation_error');} else {jQuery('#gform_wrapper_54').removeClass('gform_validation_error');}setTimeout( function() { \/* delay the scroll by 50 milliseconds to fix a bug in chrome *\/  }, 50 );if(window['gformInitDatepicker']) {gformInitDatepicker();}if(window['gformInitPriceFields']) {gformInitPriceFields();}var current_page = jQuery('#gform_source_page_number_54').val();gformInitSpinner( 54, 'https:\/\/besophro2.anorak.co\/wp-content\/plugins\/gravityforms\/images\/spinner.svg', true );jQuery(document).trigger('gform_page_loaded', [54, current_page]);window['gf_submitting_54'] = false;}else if(!is_redirect){var confirmation_content = jQuery(this).contents().find('.GF_AJAX_POSTBACK').html();if(!confirmation_content){confirmation_content = contents;}jQuery('#gform_wrapper_54').replaceWith(confirmation_content);jQuery(document).trigger('gform_confirmation_loaded', [54]);window['gf_submitting_54'] = false;wp.a11y.speak(jQuery('#gform_confirmation_message_54').text());}else{jQuery('#gform_54').append(contents);if(window['gformRedirect']) {gformRedirect();}}jQuery(document).trigger(\"gform_pre_post_render\", [{ formId: \"54\", currentPage: \"current_page\", abort: function() { this.preventDefault(); } }]);                if (event && event.defaultPrevented) {                return;         }        const gformWrapperDiv = document.getElementById( \"gform_wrapper_54\" );        if ( gformWrapperDiv ) {            const visibilitySpan = document.createElement( \"span\" );            visibilitySpan.id = \"gform_visibility_test_54\";            gformWrapperDiv.insertAdjacentElement( \"afterend\", visibilitySpan );        }        const visibilityTestDiv = document.getElementById( \"gform_visibility_test_54\" );        let postRenderFired = false;                function triggerPostRender() {            if ( postRenderFired ) {                return;            }            postRenderFired = true;            jQuery( document ).trigger( 'gform_post_render', [54, current_page] );            gform.utils.trigger( { event: 'gform\/postRender', native: false, data: { formId: 54, currentPage: current_page } } );            if ( visibilityTestDiv ) {                visibilityTestDiv.parentNode.removeChild( visibilityTestDiv );            }        }        function debounce( func, wait, immediate ) {            var timeout;            return function() {                var context = this, args = arguments;                var later = function() {                    timeout = null;                    if ( !immediate ) func.apply( context, args );                };                var callNow = immediate && !timeout;                clearTimeout( timeout );                timeout = setTimeout( later, wait );                if ( callNow ) func.apply( context, args );            };        }        const debouncedTriggerPostRender = debounce( function() {            triggerPostRender();        }, 200 );        if ( visibilityTestDiv && visibilityTestDiv.offsetParent === null ) {            const observer = new MutationObserver( ( mutations ) => {                mutations.forEach( ( mutation ) => {                    if ( mutation.type === 'attributes' && visibilityTestDiv.offsetParent !== null ) {                        debouncedTriggerPostRender();                        observer.disconnect();                    }                });            });            observer.observe( document.body, {                attributes: true,                childList: false,                subtree: true,                attributeFilter: [ 'style', 'class' ],            });        } else {            triggerPostRender();        }    } );} ); \n\/* ]]> *\/\n<\/script>\n[\/et_pb_code][\/et_pb_column][\/et_pb_row][\/et_pb_section]\n","protected":false},"excerpt":{"rendered":"<p>Audio-Guide enregistr\u00e9 par Dominique Antiglio Prix: GratuitDur\u00e9e: 10\u00a0mins &nbsp; &nbsp; &nbsp; &nbsp; &nbsp; &nbsp;Audio-Guide enregistr\u00e9 par Dominique Antiglio Prix: GratuitDur\u00e9e: 10\u00a0mins &nbsp; &nbsp; &nbsp; &nbsp; &nbsp; &nbsp;10 minutes pour booster son sommeilJ&rsquo;adore cet exercice de Sophrologie et je le mets gratuitement \u00e0 votre disposition. Rejoignez-moi pour explorer cette pratique unique et comment l\u2019utiliser pour transformer [&hellip;]<\/p>\n","protected":false},"author":805,"featured_media":0,"parent":0,"menu_order":0,"comment_status":"closed","ping_status":"closed","template":"","meta":{"_acf_changed":false,"_seopress_robots_primary_cat":"","_seopress_titles_title":"","_seopress_titles_desc":"","_seopress_robots_index":"","_et_pb_use_builder":"on","_et_pb_old_content":"","_et_gb_content_width":"","footnotes":""},"class_list":["post-27195","page","type-page","status-publish","hentry"],"acf":[],"_links":{"self":[{"href":"https:\/\/besophro2.anorak.co\/fr\/wp-json\/wp\/v2\/pages\/27195"}],"collection":[{"href":"https:\/\/besophro2.anorak.co\/fr\/wp-json\/wp\/v2\/pages"}],"about":[{"href":"https:\/\/besophro2.anorak.co\/fr\/wp-json\/wp\/v2\/types\/page"}],"author":[{"embeddable":true,"href":"https:\/\/besophro2.anorak.co\/fr\/wp-json\/wp\/v2\/users\/805"}],"replies":[{"embeddable":true,"href":"https:\/\/besophro2.anorak.co\/fr\/wp-json\/wp\/v2\/comments?post=27195"}],"version-history":[{"count":0,"href":"https:\/\/besophro2.anorak.co\/fr\/wp-json\/wp\/v2\/pages\/27195\/revisions"}],"wp:attachment":[{"href":"https:\/\/besophro2.anorak.co\/fr\/wp-json\/wp\/v2\/media?parent=27195"}],"curies":[{"name":"wp","href":"https:\/\/api.w.org\/{rel}","templated":true}]}}